{"id":2,"date":"2018-12-24T23:24:59","date_gmt":"2018-12-25T01:24:59","guid":{"rendered":"\/radiocbs\/?page_id=2"},"modified":"2020-06-06T01:45:15","modified_gmt":"2020-06-06T04:45:15","slug":"pagina-exemplo","status":"publish","type":"page","link":"\/radiocbs\/?page_id=2","title":{"rendered":"Contato"},"content":{"rendered":"\r\n<p>Bem vindos a p\u00e1gina de contato. para entrar em contato com a r\u00e1dio, deixe seus coment\u00e1rios na caixa de coment\u00e1rios abaixo, informando que os coment\u00e1rios s\u00e3o moderados e estar\u00e3o aprovados em alguns dias.<\/p>\r\n","protected":false},"excerpt":{"rendered":"<p>Bem vindos a p\u00e1gina de contato. para entrar em contato com a r\u00e1dio, deixe seus coment\u00e1rios na caixa de coment\u00e1rios abaixo, informando que os coment\u00e1rios s\u00e3o moderados e estar\u00e3o aprovados em alguns dias.<\/p>\n","protected":false},"author":1,"featured_media":0,"parent":0,"menu_order":0,"comment_status":"open","ping_status":"closed","template":"","meta":{"footnotes":""},"class_list":["post-2","page","type-page","status-publish","hentry"],"_links":{"self":[{"href":"\/radiocbs\/index.php?rest_route=\/wp\/v2\/pages\/2","targetHints":{"allow":["GET"]}}],"collection":[{"href":"\/radiocbs\/index.php?rest_route=\/wp\/v2\/pages"}],"about":[{"href":"\/radiocbs\/index.php?rest_route=\/wp\/v2\/types\/page"}],"author":[{"embeddable":true,"href":"\/radiocbs\/index.php?rest_route=\/wp\/v2\/users\/1"}],"replies":[{"embeddable":true,"href":"\/radiocbs\/index.php?rest_route=%2Fwp%2Fv2%2Fcomments&post=2"}],"version-history":[{"count":4,"href":"\/radiocbs\/index.php?rest_route=\/wp\/v2\/pages\/2\/revisions"}],"predecessor-version":[{"id":238,"href":"\/radiocbs\/index.php?rest_route=\/wp\/v2\/pages\/2\/revisions\/238"}],"wp:attachment":[{"href":"\/radiocbs\/index.php?rest_route=%2Fwp%2Fv2%2Fmedia&parent=2"}],"curies":[{"name":"wp","href":"https:\/\/api.w.org\/{rel}","templated":true}]}}