{"id":22,"date":"2018-12-24T23:36:03","date_gmt":"2018-12-25T01:36:03","guid":{"rendered":"\/radiocbs\/?page_id=22"},"modified":"2021-01-02T03:27:59","modified_gmt":"2021-01-02T06:27:59","slug":"ouvir-a-radio-players-e-links-alternativos","status":"publish","type":"page","link":"\/radiocbs\/?page_id=22","title":{"rendered":"Ouvir a r\u00e1dio &#8211; players e links alternativos"},"content":{"rendered":"<h2>Players alternativos e demais links:<\/h2>\n<p>Caso n\u00e3o consiga ouvir a r\u00e1dio pelos players que est\u00e3o no site, segue os links para ouvir a r\u00e1dio nas p\u00e1ginas de origem em tabela por que \u00e9 muito link:<\/p>\n<table>\n<tbody>\n<tr>\n<td>Link alternativo:<\/td>\n<td>Tipo de sistema e servidor:<\/td>\n<td>Formato de \u00e1udio:<\/td>\n<td>Taxa de bits:<\/td>\n<td>Player:<\/td>\n<\/tr>\n<tr>\n<td><a href=\"http:\/\/radiocbs.caster.fm\" target=\"_blank\" rel=\"noopener noreferrer\">Caster.fm<\/a><\/td>\n<td>Icecast n\u00e3o informado &#8211; externo &#8211; Geradora<\/td>\n<td>MP3<\/td>\n<td>128<\/td>\n<td>No site<\/td>\n<\/tr>\n<tr>\n<td><a href=\"http:\/\/rcbs.listen2myradio.com\" target=\"_blank\" rel=\"noopener noreferrer\">LISTEN2MYRADIO<\/a><\/td>\n<td>Shoutcast 2.5.1.724 externo &#8211; Geradora<\/td>\n<td>MP3<\/td>\n<td>320<\/td>\n<td>No site<\/td>\n<\/tr>\n<tr>\n<td><a href=\"http:\/\/myradiostream.com\/radiocbs\" target=\"_blank\" rel=\"noopener noreferrer\">MYRADIOSTREAM<\/a><\/td>\n<td>Shoutcast 1.9.8 externo &#8211; Repetidora<\/td>\n<td>MP3<\/td>\n<td>128<\/td>\n<td>Via Windows Media Player ou player de sua prefer\u00eancia<\/td>\n<\/tr>\n<tr>\n<td><a href=\"http:\/\/zeno.fm\/radio-cbs\" target=\"_blank\" rel=\"noopener noreferrer\">Zeno<\/a><\/td>\n<td>Icecast n\u00e3o informado &#8211; externo &#8211; Repetidora<\/td>\n<td>AAC<\/td>\n<td>256<\/td>\n<td>No site<\/td>\n<\/tr>\n<tr>\n<td><a href=\"http:\/\/cbsrdi4vw4orqehzp2f4a4z36pmqbr2jsbf3piofifncqdnbx6movryd.onion\" target=\"_blank\" rel=\"noopener noreferrer\">STREAMING na rede Tor (onion)<\/a><\/td>\n<td>Icecast 2.4.4 local &#8211; Geradora<\/td>\n<td>OGG<\/td>\n<td>80<\/td>\n<td>No site<\/td>\n<\/tr>\n<tr>\n<td><a href=\"http:\/\/cbs.i2p\" target=\"_blank\" rel=\"noopener noreferrer\">STREAMING na rede I2P<\/a><\/td>\n<td>Icecast 2.4.4 local &#8211; Geradora<\/td>\n<td>OGG<\/td>\n<td>80<\/td>\n<td>No site<\/td>\n<\/tr>\n<tr>\n<td><a href=\"http:\/\/www.cxradio.com.br\/radio\/radio-cbs-florianopolis\" target=\"_blank\" rel=\"noopener noreferrer\">CXRADIO<\/a><\/td>\n<td>Icecast n\u00e3o informado &#8211; externo &#8211; Repetidora<\/td>\n<td>AAC<\/td>\n<td>256<\/td>\n<td>No site<\/td>\n<\/tr>\n<tr>\n<td><a href=\"https:\/\/onlineradiobr.com\/comunicacoesbrasileiradesistemas\" target=\"_blank\" rel=\"noopener noreferrer\">OnlineRadioBR<\/a><\/td>\n<td>LINK OFFLINE<\/td>\n<td>LINK OFFLINE<\/td>\n<td>LINK OFFLINE<\/td>\n<td>OFFLINE No site<\/td>\n<\/tr>\n<tr>\n<td><a href=\"https:\/\/onlineradiobox.com\/br\/comunicacoesbrasileiradesistemas\/?cs=br.comunicacoesbrasileiradesistemas&#038;played=1\" target=\"_blank\" rel=\"noopener noreferrer\">OnlineRadioBox<\/a><\/td>\n<td>Shoutcast 2.5.1.724 Externo &#8211; Geradora<\/td>\n<td>MP3<\/td>\n<td>320<\/td>\n<td>No site<\/td>\n<\/tr>\n<tr>\n<td><a href=\"https:\/\/radio.garden\/listen\/radio-cbs-comunicacoes-brasileira-de-sistemas\/UfhKhdyR\" target=\"_blank\" rel=\"noopener noreferrer\">Radio.Garden<\/a><\/td>\n<td>Icecast n\u00e3o informado &#8211; externo &#8211; Repetidora<\/td>\n<td>AAC<\/td>\n<td>256<\/td>\n<td>No site<\/td>\n<\/tr>\n<\/tbody>\n<\/table>\n<p>Web convencional: <a href=\"http:\/\/www.radiocbs.ga\" target=\"_blank\" rel=\"noopener noreferrer\">http:\/\/www.radiocbs.tk<\/a><\/p>\n<p>Site na rede Tor (onion):\u00a0<a href=\"http:\/\/cbsrdi4vw4orqehzp2f4a4z36pmqbr2jsbf3piofifncqdnbx6movryd.onion\" target=\"_blank\" rel=\"noopener noreferrer\">http:\/\/cbsrdi4vw4orqehzp2f4a4z36pmqbr2jsbf3piofifncqdnbx6movryd.onion<\/a><\/p>\n<p>STREAMING na rede Tor (onion):\u00a0<a href=\"http:\/\/cbsrdi4vw4orqehzp2f4a4z36pmqbr2jsbf3piofifncqdnbx6movryd.onion\/streamcbs\" target=\"_blank\" rel=\"noopener noreferrer\">http:\/\/cbsrdi4vw4orqehzp2f4a4z36pmqbr2jsbf3piofifncqdnbx6movryd.onion\/streamcbs<\/a><\/p>\n<p>I2P: <a href=\"http:\/\/cbs.i2p\" target=\"_blank\" rel=\"noopener noreferrer\">http:\/\/cbs.i2p<\/a><\/p>\n<p>STREAMING na rede I2P: <a href=\"http:\/\/cbs.i2p\/streamcbs\" target=\"_blank\" rel=\"noopener noreferrer\">http:\/\/cbs.i2p\/streamcbs<\/a><\/p>\n<p>Em breve novos links ser\u00e3o adicionados aqui, aguardem!<\/p>\n","protected":false},"excerpt":{"rendered":"<p>Players alternativos e demais links: Caso n\u00e3o consiga ouvir a r\u00e1dio pelos players que est\u00e3o no site, segue os links para ouvir a r\u00e1dio nas p\u00e1ginas de origem em tabela por que \u00e9 muito link: Link alternativo: Tipo de sistema &hellip; <a href=\"\/radiocbs\/?page_id=22\">Continue lendo <span class=\"meta-nav\">&rarr;<\/span><\/a><\/p>\n","protected":false},"author":1,"featured_media":0,"parent":0,"menu_order":0,"comment_status":"closed","ping_status":"closed","template":"","meta":{"footnotes":""},"class_list":["post-22","page","type-page","status-publish","hentry"],"_links":{"self":[{"href":"\/radiocbs\/index.php?rest_route=\/wp\/v2\/pages\/22","targetHints":{"allow":["GET"]}}],"collection":[{"href":"\/radiocbs\/index.php?rest_route=\/wp\/v2\/pages"}],"about":[{"href":"\/radiocbs\/index.php?rest_route=\/wp\/v2\/types\/page"}],"author":[{"embeddable":true,"href":"\/radiocbs\/index.php?rest_route=\/wp\/v2\/users\/1"}],"replies":[{"embeddable":true,"href":"\/radiocbs\/index.php?rest_route=%2Fwp%2Fv2%2Fcomments&post=22"}],"version-history":[{"count":46,"href":"\/radiocbs\/index.php?rest_route=\/wp\/v2\/pages\/22\/revisions"}],"predecessor-version":[{"id":245,"href":"\/radiocbs\/index.php?rest_route=\/wp\/v2\/pages\/22\/revisions\/245"}],"wp:attachment":[{"href":"\/radiocbs\/index.php?rest_route=%2Fwp%2Fv2%2Fmedia&parent=22"}],"curies":[{"name":"wp","href":"https:\/\/api.w.org\/{rel}","templated":true}]}}