{"id":63,"date":"2018-12-30T00:53:56","date_gmt":"2018-12-30T02:53:56","guid":{"rendered":"\/radiocbs\/?page_id=63"},"modified":"2018-12-30T02:55:58","modified_gmt":"2018-12-30T04:55:58","slug":"foi-ao-ar-na-cbs","status":"publish","type":"page","link":"\/radiocbs\/?page_id=63","title":{"rendered":"Foi ao ar na CBS:"},"content":{"rendered":"<h1><\/h1>\n<p>OBS: Para acesso ao log completo, acesse o\u00a0<a href=\"\/radiocbs\/logdeprogramacao.php\" target=\"_blank\" rel=\"noopener\">log de programa\u00e7\u00e3o completo da R\u00e1dio CBS de hoje aqui!<\/a><br \/>\nPara acesso ao log completo de transmiss\u00e3o, acesse o <a href=\"\/radiocbs\/logdetransmissao.php\" target=\"_blank\" rel=\"noopener\">log de transmiss\u00e3o direto do encoder da r\u00e1dio aqui!<\/a><br \/>\nPara acesso a mesma tabela, acesse a <a href=\"\/radiocbs\/tabelacompleta.php\" target=\"_blank\" rel=\"noopener\">tabela aqui caso n\u00e3o esteja bem formatada a tabela da p\u00e1gina!<\/a><\/p>\n","protected":false},"excerpt":{"rendered":"<p>OBS: Para acesso ao log completo, acesse o\u00a0log de programa\u00e7\u00e3o completo da R\u00e1dio CBS de hoje aqui! Para acesso ao log completo de transmiss\u00e3o, acesse o log de transmiss\u00e3o direto do encoder da r\u00e1dio aqui! Para acesso a mesma tabela, &hellip; <a href=\"\/radiocbs\/?page_id=63\">Continue lendo <span class=\"meta-nav\">&rarr;<\/span><\/a><\/p>\n","protected":false},"author":1,"featured_media":0,"parent":0,"menu_order":0,"comment_status":"closed","ping_status":"closed","template":"","meta":{"footnotes":""},"class_list":["post-63","page","type-page","status-publish","hentry"],"_links":{"self":[{"href":"\/radiocbs\/index.php?rest_route=\/wp\/v2\/pages\/63","targetHints":{"allow":["GET"]}}],"collection":[{"href":"\/radiocbs\/index.php?rest_route=\/wp\/v2\/pages"}],"about":[{"href":"\/radiocbs\/index.php?rest_route=\/wp\/v2\/types\/page"}],"author":[{"embeddable":true,"href":"\/radiocbs\/index.php?rest_route=\/wp\/v2\/users\/1"}],"replies":[{"embeddable":true,"href":"\/radiocbs\/index.php?rest_route=%2Fwp%2Fv2%2Fcomments&post=63"}],"version-history":[{"count":16,"href":"\/radiocbs\/index.php?rest_route=\/wp\/v2\/pages\/63\/revisions"}],"predecessor-version":[{"id":82,"href":"\/radiocbs\/index.php?rest_route=\/wp\/v2\/pages\/63\/revisions\/82"}],"wp:attachment":[{"href":"\/radiocbs\/index.php?rest_route=%2Fwp%2Fv2%2Fmedia&parent=63"}],"curies":[{"name":"wp","href":"https:\/\/api.w.org\/{rel}","templated":true}]}}