{"id":7,"date":"2018-12-24T23:27:43","date_gmt":"2018-12-25T01:27:43","guid":{"rendered":"\/radiocbs\/?page_id=7"},"modified":"2024-12-15T15:40:08","modified_gmt":"2024-12-15T18:40:08","slug":"bem-vindos-ao-site-da-radio-cbs","status":"publish","type":"page","link":"\/radiocbs\/","title":{"rendered":"Bem vindos ao site da R\u00e1dio CBS!"},"content":{"rendered":"\r\n<h1>Bem Vindos!<\/h1>\r\n<img loading=\"lazy\" decoding=\"async\" src=\"\/radiocbs\/wp-content\/uploads\/2019\/12\/CBS.png\" alt=\"\" width=\"805\" height=\"679\" class=\"size-full wp-image-166\" \/>\r\n<p>R\u00e1dio CBS &#8211; Comunica\u00e7\u00f5es Brasileira de Sistemas &#8211; a r\u00e1dio dos profissionais de tecnologia da informa\u00e7\u00e3o! aqui voc\u00ea encontra informa\u00e7\u00f5es relacionadas a tecnologia da informa\u00e7\u00e3o, not\u00edcias, palestras e muito mais relacionados a redes de computadores, sistemas, software e hardware al\u00e9m de m\u00fasica e informa\u00e7\u00e3o!\u00a0a R\u00e1dio CBS &#8211; Comunica\u00e7\u00f5es Brasileira de Sistemas tem por defini\u00e7\u00e3o, informar os profissionais de tecnologia da informa\u00e7\u00e3o sobre as novidades do mundo da tecnologia, software, hardware e tudo o que \u00e9 tend\u00eancia em tecnologia e informa\u00e7\u00f5es sobre sistemas em geral, redes e muito mais!<\/p>\r\n<h1><span style=\"color: #ff0000;\"><strong>No ar agora na R\u00e1dio CBS:<\/strong><\/span><\/h1>\r\n<h1><span style=\"color: #ff0000;\"><strong><\/strong><\/span><\/h1>\r\n<p>Para ouvir a R\u00e1dio CBS, seguem os players para ouvir: R\u00e1dio CBS em 320 Kbps em formato de transmiss\u00e3o MP3:<\/p>\r\n<p><audio preload=\"none\" controls=\"controls\" style=\"width: 25em; padding: 0;\"><source src=\"http:\/\/cbs.vanderson.net.br:9185\/stream\" type=\"audio\/mpeg\" \/><\/audio><\/p>\r\n<p><a href=\"javascript:void(0)\" onClick=\"MM_openBrWindow('http:\/\/cbs.vanderson.net.br:9185\/index.html?sid=1','','scrollbars=no, width=750, height=500, left=15, top=15')\">Clique aqui para abrir player de 320 Kbps em uma nova janela<\/a><\/p>\r\n<p>R\u00e1dio CBS em 256 Kbps em formato de transmiss\u00e3o AAC:<\/p>\r\n<p><audio preload=\"none\" controls=\"controls\" style=\"width: 25em; padding: 0;\"><source src=\"https:\/\/stream.zeno.fm\/4vgdsxmyhcmtv\" type=\"audio\/mpeg\" \/><\/audio><\/p>\r\n<p><a href=\"javascript:void(0)\" onClick=\"MM_openBrWindow('https:\/\/stream.zeno.fm\/4vgdsxmyhcmtv','','scrollbars=no, width=750, height=500, left=780, top=15')\">Clique aqui para abrir player de 256 Kbps em uma nova janela<\/a><\/p>\r\n<p>R\u00e1dio CBS em 256 Kbps em formato de transmiss\u00e3o AAC &#8211; Caso o player acima n\u00e3o reproduza o \u00e1udio:<\/p>\r\n<p><audio preload=\"none\" controls=\"controls\" style=\"width: 25em; padding: 0;\"><source src=\"https:\/\/stream.zeno.fm\/4vgdsxmyhcmtv\" type=\"audio\/mpeg\" \/><\/audio><\/p>\r\n<p><a href=\"javascript:void(0)\" onClick=\"MM_openBrWindow('https:\/\/stream.zeno.fm\/4vgdsxmyhcmtv','','scrollbars=no, width=750, height=500, left=780, top=15')\">Clique aqui para abrir player de 256 Kbps em uma nova janela<\/a><\/p>\r\n<p>R\u00e1dio CBS em 80 Kbps em formato de transmiss\u00e3o OGG:<\/p>\r\n<p>Se est\u00e1 acessando pelo Tor, tem stream exclusivo! Clique no player para ouvir:<\/p>\r\n<p><audio preload=\"none\" controls=\"controls\" style=\"width: 25em; padding: 0;\"><source src=\"http:\/\/cbsrdi4vw4orqehzp2f4a4z36pmqbr2jsbf3piofifncqdnbx6movryd.onion\/streamcbs\" type=\"audio\/ogg\" \/><\/audio><\/p>\r\n<p>Ou acesse o link: <a href=\"http:\/\/cbsrdi4vw4orqehzp2f4a4z36pmqbr2jsbf3piofifncqdnbx6movryd.onion\/streamcbs\" target=\"_blank\" rel=\"noopener noreferrer\"> para ouvir o stream da rede onion &#8211; Tor Browser<\/a>.<\/p>\r\n<p>Para acessar via I2P, tem stream exclusivo! clique no player:<\/p>\r\n<p><audio preload=\"none\" controls=\"controls\" style=\"width: 25em; padding: 0;\"><source src=\"http:\/\/cbs.i2p\/streamcbs\" type=\"audio\/ogg\" \/><\/audio><\/p>\r\n<p>Ou acesse o link: <a href=\"http:\/\/cbs.i2p\/streamcbs\" target=\"_blank\" rel=\"noopener noreferrer\">http:\/\/cbs.i2p\/streamcbs<\/a> para ouvir via I2P<\/p>\r\n<p>OBS: Os links e os players exclusivos para quem acessa as redes Tor e I2P acima, eles tem 80 Kbps em formato de transmiss\u00e3o OGG.<br>Caso tenha restri\u00e7\u00e3o para ouvir r\u00e1dio online ou caso os players acima n\u00e3o toquem, clique no player abaixo para o streaming em 80 Kbps em formato de transmiss\u00e3o OGG para burlar poss\u00edveis restri\u00e7\u00f5es para ouvir a r\u00e1dio online:<\/p>\r\n<p><audio style=\"width: 25em; padding: 0;\" preload=\"none\" controls=\"controls\"><source src=\"\/streamcbs\" type=\"audio\/ogg\" \/><\/audio><\/p>\r\n<p><a href=\"javascript:void(0)\" onClick=\"MM_openBrWindow('\/streamcbs','','scrollbars=no, width=750, height=500, left=780, top=15')\">Clique aqui para abrir o player de 80 Kbps em uma nova janela<\/a><\/p>\r\n<p>Para baixar o arquivo de stream para a R\u00e1dio CBS em 128 Kbps em MP3 clique em\u00a0<a href=\"http:\/\/myradiostream.com\/radiocbs\">http:\/\/myradiostream.com\/radiocbs<\/a> mas aten\u00e7\u00e3o, s\u00f3 poder\u00e1 ouvir a r\u00e1dio por este servidor se baixar o arquivo!<\/p>\r\n<p>Para ouvir a R\u00e1dio CBS em 128 Kbps em MP3 clique no player abaixo:<\/p>\r\n<p><script src=\"\/\/myradiostream.com\/embed\/radiocbs\"><\/script><\/p>\r\n<p>R\u00e1dio CBS em 128 Kbps em formato de transmiss\u00e3o MP3 codificado: <a href=\"http:\/\/radiocbs.caster.fm\/\" target=\"_blank\" rel=\"noopener noreferrer\">http:\/\/radiocbs.caster.fm\/<\/a><\/p>\r\n<p>Grade de Programa\u00e7\u00e3o da R\u00e1dio CBS &#8211; Programa\u00e7\u00e3o di\u00e1ria:<\/p>\r\n<p>00:30 \u2013 Info nic.br edi\u00e7\u00e3o da madrugada<br \/>05:00 \u2013 Info nic.br super edi\u00e7\u00e3o<br \/>07:00 \u2013 Info nic.br edi\u00e7\u00e3o da manh\u00e3<br \/>11:30 \u2013 Tecnologia da informa\u00e7\u00e3o em evid\u00eancia<br \/>12:30 \u2013 Info nic.br edi\u00e7\u00e3o da tarde<br \/>17:00 \u2013 Info nic.br super edi\u00e7\u00e3o<br \/>19:00 \u2013 Info nic.br edi\u00e7\u00e3o da noite<br \/>23:30 \u2013 Espa\u00e7o c\u00e9tico<\/p>\r\n<p>OBS: A R\u00e1dio CBS transmite informa\u00e7\u00f5es de m\u00fasicas e conte\u00fado que est\u00e1 no ar agora, para saber o que est\u00e1 no ar, voc\u00ea pode ouvir a r\u00e1dio pelos players em &#8220;ouvir a r\u00e1dio&#8221; e clicar em um dos links para saber mais ou na informa\u00e7\u00e3o &#8220;no ar tocando agora&#8221; nesta p\u00e1gina.<\/p>\r\n<table>\r\n  <tr>\r\n    <th><img loading=\"lazy\" decoding=\"async\" src=\"\/radiocbs\/wp-content\/uploads\/2019\/12\/C-B-S.png\" alt=\"\" width=\"202\" height=\"170\" \/><\/th>\r\n  <\/tr>\r\n  <tr>\r\n    <th>R\u00e1dio CBS &#8211; Comunica\u00e7\u00f5es Brasileira de Sistemas &#8211; a r\u00e1dio dos profissionais de tecnologia da informa\u00e7\u00e3o &#8211; a \u00fanica, sem concorr\u00eancia!<\/th>\r\n  <\/tr>\r\n<\/table>\r\n","protected":false},"excerpt":{"rendered":"<p>Bem Vindos! R\u00e1dio CBS &#8211; Comunica\u00e7\u00f5es Brasileira de Sistemas &#8211; a r\u00e1dio dos profissionais de tecnologia da informa\u00e7\u00e3o! aqui voc\u00ea encontra informa\u00e7\u00f5es relacionadas a tecnologia da informa\u00e7\u00e3o, not\u00edcias, palestras e muito mais relacionados a redes de computadores, sistemas, software e &hellip; <a href=\"\/radiocbs\/\">Continue lendo <span class=\"meta-nav\">&rarr;<\/span><\/a><\/p>\n","protected":false},"author":1,"featured_media":0,"parent":0,"menu_order":0,"comment_status":"closed","ping_status":"closed","template":"","meta":{"footnotes":""},"class_list":["post-7","page","type-page","status-publish","hentry"],"_links":{"self":[{"href":"\/radiocbs\/index.php?rest_route=\/wp\/v2\/pages\/7","targetHints":{"allow":["GET"]}}],"collection":[{"href":"\/radiocbs\/index.php?rest_route=\/wp\/v2\/pages"}],"about":[{"href":"\/radiocbs\/index.php?rest_route=\/wp\/v2\/types\/page"}],"author":[{"embeddable":true,"href":"\/radiocbs\/index.php?rest_route=\/wp\/v2\/users\/1"}],"replies":[{"embeddable":true,"href":"\/radiocbs\/index.php?rest_route=%2Fwp%2Fv2%2Fcomments&post=7"}],"version-history":[{"count":117,"href":"\/radiocbs\/index.php?rest_route=\/wp\/v2\/pages\/7\/revisions"}],"predecessor-version":[{"id":250,"href":"\/radiocbs\/index.php?rest_route=\/wp\/v2\/pages\/7\/revisions\/250"}],"wp:attachment":[{"href":"\/radiocbs\/index.php?rest_route=%2Fwp%2Fv2%2Fmedia&parent=7"}],"curies":[{"name":"wp","href":"https:\/\/api.w.org\/{rel}","templated":true}]}}